{"id":1826,"date":"2023-09-01T19:21:22","date_gmt":"2023-09-01T19:21:22","guid":{"rendered":"https:\/\/www.sonjahimmelsbach.de\/web\/?page_id=1826"},"modified":"2023-10-02T14:46:59","modified_gmt":"2023-10-02T12:46:59","slug":"gesangsunterricht","status":"publish","type":"page","link":"https:\/\/www.sonjahimmelsbach.de\/web\/gesangsunterricht\/","title":{"rendered":"Gesangsunterricht"},"content":{"rendered":"\t\t<div data-elementor-type=\"wp-page\" data-elementor-id=\"1826\" class=\"elementor elementor-1826\">\n\t\t\t\t\t\t<section class=\"elementor-section elementor-top-section elementor-element elementor-element-21b2957 elementor-section-boxed elementor-section-height-default elementor-section-height-default\" data-id=\"21b2957\" data-element_type=\"section\">\n\t\t\t\t\t\t<div class=\"elementor-container elementor-column-gap-default\">\n\t\t\t\t\t<div class=\"elementor-column elementor-col-100 elementor-top-column elementor-element elementor-element-fe5fcb0\" data-id=\"fe5fcb0\" data-element_type=\"column\">\n\t\t\t<div class=\"elementor-widget-wrap elementor-element-populated\">\n\t\t\t\t\t\t<div class=\"elementor-element elementor-element-926f440 elementor-widget elementor-widget-spacer\" data-id=\"926f440\" data-element_type=\"widget\" data-widget_type=\"spacer.default\">\n\t\t\t\t<div class=\"elementor-widget-container\">\n\t\t\t\t\t\t\t<div class=\"elementor-spacer\">\n\t\t\t<div class=\"elementor-spacer-inner\"><\/div>\n\t\t<\/div>\n\t\t\t\t\t\t<\/div>\n\t\t\t\t<\/div>\n\t\t\t\t\t<\/div>\n\t\t<\/div>\n\t\t\t\t\t<\/div>\n\t\t<\/section>\n\t\t\t\t<section class=\"elementor-section elementor-top-section elementor-element elementor-element-eqs2bco elementor-section-content-middle elementor-section-boxed elementor-section-height-default elementor-section-height-default\" data-id=\"eqs2bco\" data-element_type=\"section\" data-settings=\"{&quot;background_background&quot;:&quot;classic&quot;}\">\n\t\t\t\t\t\t\t<div class=\"elementor-background-overlay\"><\/div>\n\t\t\t\t\t\t\t<div class=\"elementor-container elementor-column-gap-no\">\n\t\t\t\t\t<div class=\"elementor-column elementor-col-100 elementor-top-column elementor-element elementor-element-546b9f5\" data-id=\"546b9f5\" data-element_type=\"column\">\n\t\t\t<div class=\"elementor-widget-wrap elementor-element-populated\">\n\t\t\t\t\t\t<div class=\"elementor-element elementor-element-ba215d5 elementor-widget__width-initial elementor-widget-mobile__width-inherit elementor-widget elementor-widget-heading\" data-id=\"ba215d5\" data-element_type=\"widget\" data-widget_type=\"heading.default\">\n\t\t\t\t<div class=\"elementor-widget-container\">\n\t\t\t\t\t<h2 class=\"elementor-heading-title elementor-size-default\">Gesangsunterricht<\/h2>\t\t\t\t<\/div>\n\t\t\t\t<\/div>\n\t\t\t\t<div class=\"elementor-element elementor-element-ae17007 elementor-widget__width-initial elementor-widget-mobile__width-inherit elementor-widget elementor-widget-text-editor\" data-id=\"ae17007\" data-element_type=\"widget\" data-widget_type=\"text-editor.default\">\n\t\t\t\t<div class=\"elementor-widget-container\">\n\t\t\t\t\t\t\t\t\t<p><span style=\"font-size: 14.5pt;\"><span style=\"font-size: 14.5pt;\">Jeder kann singen &#8211; wir m\u00fcssen nur lernen mit dem Instrument Stimme richtig umzugehen.<\/span><\/span><\/p>\t\t\t\t\t\t\t\t<\/div>\n\t\t\t\t<\/div>\n\t\t\t\t\t<\/div>\n\t\t<\/div>\n\t\t\t\t\t<\/div>\n\t\t<\/section>\n\t\t\t\t<section class=\"elementor-section elementor-top-section elementor-element elementor-element-d2yqjaf elementor-section-content-middle elementor-section-boxed elementor-section-height-default elementor-section-height-default\" data-id=\"d2yqjaf\" data-element_type=\"section\" data-settings=\"{&quot;background_background&quot;:&quot;classic&quot;}\">\n\t\t\t\t\t\t\t<div class=\"elementor-background-overlay\"><\/div>\n\t\t\t\t\t\t\t<div class=\"elementor-container elementor-column-gap-no\">\n\t\t\t\t\t<div class=\"elementor-column elementor-col-100 elementor-top-column elementor-element elementor-element-e68dcfe\" data-id=\"e68dcfe\" data-element_type=\"column\">\n\t\t\t<div class=\"elementor-widget-wrap elementor-element-populated\">\n\t\t\t\t\t\t<section class=\"elementor-section elementor-inner-section elementor-element elementor-element-f8bdc3f elementor-section-boxed elementor-section-height-default elementor-section-height-default\" data-id=\"f8bdc3f\" data-element_type=\"section\">\n\t\t\t\t\t\t<div class=\"elementor-container elementor-column-gap-default\">\n\t\t\t\t\t<div class=\"elementor-column elementor-col-50 elementor-inner-column elementor-element elementor-element-b048b39\" data-id=\"b048b39\" data-element_type=\"column\">\n\t\t\t<div class=\"elementor-widget-wrap elementor-element-populated\">\n\t\t\t\t\t\t<div class=\"elementor-element elementor-element-e805f7f elementor-widget elementor-widget-image\" data-id=\"e805f7f\" data-element_type=\"widget\" data-widget_type=\"image.default\">\n\t\t\t\t<div class=\"elementor-widget-container\">\n\t\t\t\t\t\t\t\t\t\t\t\t\t\t\t<img fetchpriority=\"high\" decoding=\"async\" width=\"1024\" height=\"576\" src=\"https:\/\/www.sonjahimmelsbach.de\/web\/wp-content\/uploads\/2023\/09\/musikzimmer-1024x576.jpg\" class=\"attachment-large size-large wp-image-1856\" alt=\"\" srcset=\"https:\/\/www.sonjahimmelsbach.de\/web\/wp-content\/uploads\/2023\/09\/musikzimmer-1024x576.jpg 1024w, https:\/\/www.sonjahimmelsbach.de\/web\/wp-content\/uploads\/2023\/09\/musikzimmer-300x169.jpg 300w, https:\/\/www.sonjahimmelsbach.de\/web\/wp-content\/uploads\/2023\/09\/musikzimmer-768x432.jpg 768w, https:\/\/www.sonjahimmelsbach.de\/web\/wp-content\/uploads\/2023\/09\/musikzimmer-1536x864.jpg 1536w, https:\/\/www.sonjahimmelsbach.de\/web\/wp-content\/uploads\/2023\/09\/musikzimmer-2048x1152.jpg 2048w\" sizes=\"(max-width: 1024px) 100vw, 1024px\" \/>\t\t\t\t\t\t\t\t\t\t\t\t\t\t\t<\/div>\n\t\t\t\t<\/div>\n\t\t\t\t\t<\/div>\n\t\t<\/div>\n\t\t\t\t<div class=\"elementor-column elementor-col-50 elementor-inner-column elementor-element elementor-element-56460d8\" data-id=\"56460d8\" data-element_type=\"column\">\n\t\t\t<div class=\"elementor-widget-wrap elementor-element-populated\">\n\t\t\t\t\t\t<div class=\"elementor-element elementor-element-65a6136 elementor-widget elementor-widget-image\" data-id=\"65a6136\" data-element_type=\"widget\" data-widget_type=\"image.default\">\n\t\t\t\t<div class=\"elementor-widget-container\">\n\t\t\t\t\t\t\t\t\t\t\t\t\t\t\t<img decoding=\"async\" width=\"1024\" height=\"576\" src=\"https:\/\/www.sonjahimmelsbach.de\/web\/wp-content\/uploads\/2023\/09\/musikzimmer2-1024x576.jpg\" class=\"attachment-large size-large wp-image-1857\" alt=\"\" srcset=\"https:\/\/www.sonjahimmelsbach.de\/web\/wp-content\/uploads\/2023\/09\/musikzimmer2-1024x576.jpg 1024w, https:\/\/www.sonjahimmelsbach.de\/web\/wp-content\/uploads\/2023\/09\/musikzimmer2-300x169.jpg 300w, https:\/\/www.sonjahimmelsbach.de\/web\/wp-content\/uploads\/2023\/09\/musikzimmer2-768x432.jpg 768w, https:\/\/www.sonjahimmelsbach.de\/web\/wp-content\/uploads\/2023\/09\/musikzimmer2-1536x864.jpg 1536w, https:\/\/www.sonjahimmelsbach.de\/web\/wp-content\/uploads\/2023\/09\/musikzimmer2-2048x1152.jpg 2048w\" sizes=\"(max-width: 1024px) 100vw, 1024px\" \/>\t\t\t\t\t\t\t\t\t\t\t\t\t\t\t<\/div>\n\t\t\t\t<\/div>\n\t\t\t\t\t<\/div>\n\t\t<\/div>\n\t\t\t\t\t<\/div>\n\t\t<\/section>\n\t\t\t\t<div class=\"elementor-element elementor-element-0d118cf elementor-widget elementor-widget-spacer\" data-id=\"0d118cf\" data-element_type=\"widget\" data-widget_type=\"spacer.default\">\n\t\t\t\t<div class=\"elementor-widget-container\">\n\t\t\t\t\t\t\t<div class=\"elementor-spacer\">\n\t\t\t<div class=\"elementor-spacer-inner\"><\/div>\n\t\t<\/div>\n\t\t\t\t\t\t<\/div>\n\t\t\t\t<\/div>\n\t\t\t\t<div class=\"elementor-element elementor-element-72da1a5 elementor-widget elementor-widget-text-editor\" data-id=\"72da1a5\" data-element_type=\"widget\" data-widget_type=\"text-editor.default\">\n\t\t\t\t<div class=\"elementor-widget-container\">\n\t\t\t\t\t\t\t\t\t<p>Deine Stimme ist so einzigartig wie du selbst, und das soll auch so bleiben.<br \/>Deine Stimme bleibt deine Stimme, wir arbeiten daran, diese zu optimieren und deinen eigenen Stil zu finden. Die anderen gibt es ja schlie\u00dflich schon.<\/p><p>\u00a0<\/p><p>Ich biete <strong>Einzelunterricht<\/strong> an, um den Unterricht individuell an deine Bed\u00fcrfnisse anzupassen, dich da abzuholen, wo du gerade stehst und dich im Umgang mit deiner Stimme zu unterst\u00fctzen. In Einzelf\u00e4llen kann auch <strong>Gruppenunterricht<\/strong> vereinbart werden, hierbei stimme ich die Inhalte auf die ganze Gruppe ab.<\/p><p>\u00a0<\/p><p>Gemeinsam feilen wir an der richtigen Atem- und Stimmtechnik, der Aussprache, dem Ausdruck und an der B\u00fchnenpr\u00e4senz. Damit es dir auch immer Spa\u00df macht, werden diese Inhalte an Songs ge\u00fcbt und erlernt, die du dir selber ausw\u00e4hlst.<\/p><p>\u00a0<\/p><p>Du willst dich f\u00fcr einen Auftritt, eine Aufnahmepr\u00fcfung, ein Vorsingen oder ein Casting vorbereiten, dann ist der Gesangsunterricht ebenfalls geeignet und erstrebenswert. <strong>Trau dich und melde dich einfach unverbindlich bei mir!<\/strong><\/p><p>\u00a0<\/p>\t\t\t\t\t\t\t\t<\/div>\n\t\t\t\t<\/div>\n\t\t\t\t<section class=\"elementor-section elementor-inner-section elementor-element elementor-element-f18eb3f elementor-section-boxed elementor-section-height-default elementor-section-height-default\" data-id=\"f18eb3f\" data-element_type=\"section\">\n\t\t\t\t\t\t<div class=\"elementor-container elementor-column-gap-no\">\n\t\t\t\t\t<div class=\"elementor-column elementor-col-50 elementor-inner-column elementor-element elementor-element-8c99614\" data-id=\"8c99614\" data-element_type=\"column\" data-settings=\"{&quot;background_background&quot;:&quot;classic&quot;}\">\n\t\t\t<div class=\"elementor-widget-wrap elementor-element-populated\">\n\t\t\t\t\t\t<div class=\"elementor-element elementor-element-2ed02fd elementor-widget elementor-widget-image\" data-id=\"2ed02fd\" data-element_type=\"widget\" data-widget_type=\"image.default\">\n\t\t\t\t<div class=\"elementor-widget-container\">\n\t\t\t\t\t\t\t\t\t\t\t\t\t\t\t<img decoding=\"async\" width=\"650\" height=\"714\" src=\"https:\/\/www.sonjahimmelsbach.de\/web\/wp-content\/uploads\/2023\/09\/sonja-e1693605654733.jpg\" class=\"attachment-large size-large wp-image-1964\" alt=\"\" srcset=\"https:\/\/www.sonjahimmelsbach.de\/web\/wp-content\/uploads\/2023\/09\/sonja-e1693605654733.jpg 650w, https:\/\/www.sonjahimmelsbach.de\/web\/wp-content\/uploads\/2023\/09\/sonja-e1693605654733-273x300.jpg 273w\" sizes=\"(max-width: 650px) 100vw, 650px\" \/>\t\t\t\t\t\t\t\t\t\t\t\t\t\t\t<\/div>\n\t\t\t\t<\/div>\n\t\t\t\t<div class=\"elementor-element elementor-element-b4b6fc2 elementor-widget elementor-widget-image-box\" data-id=\"b4b6fc2\" data-element_type=\"widget\" data-widget_type=\"image-box.default\">\n\t\t\t\t<div class=\"elementor-widget-container\">\n\t\t\t\t\t<div class=\"elementor-image-box-wrapper\"><div class=\"elementor-image-box-content\"><h5 class=\"elementor-image-box-title\">Sonja<\/h5><p class=\"elementor-image-box-description\">Gesch\u00e4ftsleitung<\/p><\/div><\/div>\t\t\t\t<\/div>\n\t\t\t\t<\/div>\n\t\t\t\t\t<\/div>\n\t\t<\/div>\n\t\t\t\t<div class=\"elementor-column elementor-col-50 elementor-inner-column elementor-element elementor-element-85b6183\" data-id=\"85b6183\" data-element_type=\"column\" data-settings=\"{&quot;background_background&quot;:&quot;classic&quot;}\">\n\t\t\t<div class=\"elementor-widget-wrap elementor-element-populated\">\n\t\t\t\t\t\t<div class=\"elementor-element elementor-element-2430362 elementor-widget elementor-widget-image\" data-id=\"2430362\" data-element_type=\"widget\" data-widget_type=\"image.default\">\n\t\t\t\t<div class=\"elementor-widget-container\">\n\t\t\t\t\t\t\t\t\t\t\t\t\t\t\t<img loading=\"lazy\" decoding=\"async\" width=\"646\" height=\"714\" src=\"https:\/\/www.sonjahimmelsbach.de\/web\/wp-content\/uploads\/2023\/09\/malu-e1693605693834.jpg\" class=\"attachment-medium_large size-medium_large wp-image-1965\" alt=\"\" srcset=\"https:\/\/www.sonjahimmelsbach.de\/web\/wp-content\/uploads\/2023\/09\/malu-e1693605693834.jpg 646w, https:\/\/www.sonjahimmelsbach.de\/web\/wp-content\/uploads\/2023\/09\/malu-e1693605693834-271x300.jpg 271w\" sizes=\"(max-width: 646px) 100vw, 646px\" \/>\t\t\t\t\t\t\t\t\t\t\t\t\t\t\t<\/div>\n\t\t\t\t<\/div>\n\t\t\t\t<div class=\"elementor-element elementor-element-72ea03a elementor-widget elementor-widget-image-box\" data-id=\"72ea03a\" data-element_type=\"widget\" data-widget_type=\"image-box.default\">\n\t\t\t\t<div class=\"elementor-widget-container\">\n\t\t\t\t\t<div class=\"elementor-image-box-wrapper\"><div class=\"elementor-image-box-content\"><h5 class=\"elementor-image-box-title\">Malu<\/h5><p class=\"elementor-image-box-description\">Assistent der Gesch\u00e4ftsleitung<\/p><\/div><\/div>\t\t\t\t<\/div>\n\t\t\t\t<\/div>\n\t\t\t\t\t<\/div>\n\t\t<\/div>\n\t\t\t\t\t<\/div>\n\t\t<\/section>\n\t\t\t\t\t<\/div>\n\t\t<\/div>\n\t\t\t\t\t<\/div>\n\t\t<\/section>\n\t\t\t\t<\/div>\n\t\t","protected":false},"excerpt":{"rendered":"<p>Gesangsunterricht Jeder kann singen &#8211; wir m\u00fcssen nur lernen mit dem Instrument Stimme richtig umzugehen. Deine Stimme ist so einzigartig wie du selbst, und das soll auch so bleiben.Deine Stimme bleibt deine Stimme, wir arbeiten daran, diese zu optimieren und deinen eigenen Stil zu finden. Die anderen gibt es ja schlie\u00dflich schon. \u00a0 Ich biete [&hellip;]<\/p>\n","protected":false},"author":1,"featured_media":0,"parent":0,"menu_order":0,"comment_status":"closed","ping_status":"closed","template":"","meta":{"site-sidebar-layout":"no-sidebar","site-content-layout":"page-builder","ast-site-content-layout":"full-width-container","site-content-style":"default","site-sidebar-style":"default","ast-global-header-display":"","ast-banner-title-visibility":"","ast-main-header-display":"","ast-hfb-above-header-display":"","ast-hfb-below-header-display":"","ast-hfb-mobile-header-display":"","site-post-title":"disabled","ast-breadcrumbs-content":"","ast-featured-img":"disabled","footer-sml-layout":"","ast-disable-related-posts":"","theme-transparent-header-meta":"","adv-header-id-meta":"","stick-header-meta":"","header-above-stick-meta":"","header-main-stick-meta":"","header-below-stick-meta":"","astra-migrate-meta-layouts":"set","ast-page-background-enabled":"default","ast-page-background-meta":{"desktop":{"background-color":"var(--ast-global-color-4)","background-image":"","background-repeat":"repeat","background-position":"center center","background-size":"auto","background-attachment":"scroll","background-type":"","background-media":"","overlay-type":"","overlay-color":"","overlay-opacity":"","overlay-gradient":""},"tablet":{"background-color":"","background-image":"","background-repeat":"repeat","background-position":"center center","background-size":"auto","background-attachment":"scroll","background-type":"","background-media":"","overlay-type":"","overlay-color":"","overlay-opacity":"","overlay-gradient":""},"mobile":{"background-color":"","background-image":"","background-repeat":"repeat","background-position":"center center","background-size":"auto","background-attachment":"scroll","background-type":"","background-media":"","overlay-type":"","overlay-color":"","overlay-opacity":"","overlay-gradient":""}},"ast-content-background-meta":{"desktop":{"background-color":"var(--ast-global-color-5)","background-image":"","background-repeat":"repeat","background-position":"center center","background-size":"auto","background-attachment":"scroll","background-type":"","background-media":"","overlay-type":"","overlay-color":"","overlay-opacity":"","overlay-gradient":""},"tablet":{"background-color":"var(--ast-global-color-5)","background-image":"","background-repeat":"repeat","background-position":"center center","background-size":"auto","background-attachment":"scroll","background-type":"","background-media":"","overlay-type":"","overlay-color":"","overlay-opacity":"","overlay-gradient":""},"mobile":{"background-color":"var(--ast-global-color-5)","background-image":"","background-repeat":"repeat","background-position":"center center","background-size":"auto","background-attachment":"scroll","background-type":"","background-media":"","overlay-type":"","overlay-color":"","overlay-opacity":"","overlay-gradient":""}},"footnotes":""},"_links":{"self":[{"href":"https:\/\/www.sonjahimmelsbach.de\/web\/wp-json\/wp\/v2\/pages\/1826"}],"collection":[{"href":"https:\/\/www.sonjahimmelsbach.de\/web\/wp-json\/wp\/v2\/pages"}],"about":[{"href":"https:\/\/www.sonjahimmelsbach.de\/web\/wp-json\/wp\/v2\/types\/page"}],"author":[{"embeddable":true,"href":"https:\/\/www.sonjahimmelsbach.de\/web\/wp-json\/wp\/v2\/users\/1"}],"replies":[{"embeddable":true,"href":"https:\/\/www.sonjahimmelsbach.de\/web\/wp-json\/wp\/v2\/comments?post=1826"}],"version-history":[{"count":46,"href":"https:\/\/www.sonjahimmelsbach.de\/web\/wp-json\/wp\/v2\/pages\/1826\/revisions"}],"predecessor-version":[{"id":2215,"href":"https:\/\/www.sonjahimmelsbach.de\/web\/wp-json\/wp\/v2\/pages\/1826\/revisions\/2215"}],"wp:attachment":[{"href":"https:\/\/www.sonjahimmelsbach.de\/web\/wp-json\/wp\/v2\/media?parent=1826"}],"curies":[{"name":"wp","href":"https:\/\/api.w.org\/{rel}","templated":true}]}}