{"id":1835,"date":"2023-09-01T19:23:10","date_gmt":"2023-09-01T19:23:10","guid":{"rendered":"https:\/\/www.sonjahimmelsbach.de\/web\/?page_id=1835"},"modified":"2024-11-04T09:20:12","modified_gmt":"2024-11-04T08:20:12","slug":"saengerin","status":"publish","type":"page","link":"https:\/\/www.sonjahimmelsbach.de\/web\/saengerin\/","title":{"rendered":"S\u00e4ngerin"},"content":{"rendered":"\t\t<div data-elementor-type=\"wp-page\" data-elementor-id=\"1835\" class=\"elementor elementor-1835\">\n\t\t\t\t\t\t<section class=\"elementor-section elementor-top-section elementor-element elementor-element-gricvk1 elementor-section-boxed elementor-section-height-default elementor-section-height-default\" data-id=\"gricvk1\" data-element_type=\"section\" data-settings=\"{&quot;background_background&quot;:&quot;classic&quot;}\">\n\t\t\t\t\t\t<div class=\"elementor-container elementor-column-gap-no\">\n\t\t\t\t\t<div class=\"elementor-column elementor-col-100 elementor-top-column elementor-element elementor-element-c3b4893\" data-id=\"c3b4893\" data-element_type=\"column\">\n\t\t\t<div class=\"elementor-widget-wrap elementor-element-populated\">\n\t\t\t\t\t\t<section class=\"elementor-section elementor-inner-section elementor-element elementor-element-5b54fb7 elementor-section-boxed elementor-section-height-default elementor-section-height-default\" data-id=\"5b54fb7\" data-element_type=\"section\">\n\t\t\t\t\t\t<div class=\"elementor-container elementor-column-gap-no\">\n\t\t\t\t\t<div class=\"elementor-column elementor-col-100 elementor-inner-column elementor-element elementor-element-2823cb6\" data-id=\"2823cb6\" data-element_type=\"column\">\n\t\t\t<div class=\"elementor-widget-wrap elementor-element-populated\">\n\t\t\t\t\t\t<div class=\"elementor-element elementor-element-833e76c elementor-widget elementor-widget-spacer\" data-id=\"833e76c\" data-element_type=\"widget\" data-widget_type=\"spacer.default\">\n\t\t\t\t<div class=\"elementor-widget-container\">\n\t\t\t\t\t\t\t<div class=\"elementor-spacer\">\n\t\t\t<div class=\"elementor-spacer-inner\"><\/div>\n\t\t<\/div>\n\t\t\t\t\t\t<\/div>\n\t\t\t\t<\/div>\n\t\t\t\t<div class=\"elementor-element elementor-element-ac7455b elementor-widget elementor-widget-heading\" data-id=\"ac7455b\" data-element_type=\"widget\" data-widget_type=\"heading.default\">\n\t\t\t\t<div class=\"elementor-widget-container\">\n\t\t\t\t\t<h2 class=\"elementor-heading-title elementor-size-default\">S\u00e4ngerin<\/h2>\t\t\t\t<\/div>\n\t\t\t\t<\/div>\n\t\t\t\t<div class=\"elementor-element elementor-element-f2bec8e elementor-widget elementor-widget-text-editor\" data-id=\"f2bec8e\" data-element_type=\"widget\" data-widget_type=\"text-editor.default\">\n\t\t\t\t<div class=\"elementor-widget-container\">\n\t\t\t\t\t\t\t\t\t<p>Als S\u00e4ngerin bin ich mit &#8222;mania&#8220; auf der B\u00fchne.<\/p>\t\t\t\t\t\t\t\t<\/div>\n\t\t\t\t<\/div>\n\t\t\t\t<div class=\"elementor-element elementor-element-56c6e13 elementor-widget elementor-widget-text-editor\" data-id=\"56c6e13\" data-element_type=\"widget\" data-widget_type=\"text-editor.default\">\n\t\t\t\t<div class=\"elementor-widget-container\">\n\t\t\t\t\t\t\t\t\t<p>Seit 2018 habe ich einige eigene Songs im Programm. H\u00f6rproben hierzu findet ihr unten.<\/p>\t\t\t\t\t\t\t\t<\/div>\n\t\t\t\t<\/div>\n\t\t\t\t\t<\/div>\n\t\t<\/div>\n\t\t\t\t\t<\/div>\n\t\t<\/section>\n\t\t\t\t<section class=\"elementor-section elementor-inner-section elementor-element elementor-element-8059a1b elementor-section-boxed elementor-section-height-default elementor-section-height-default\" data-id=\"8059a1b\" data-element_type=\"section\">\n\t\t\t\t\t\t<div class=\"elementor-container elementor-column-gap-no\">\n\t\t\t\t\t<div class=\"elementor-column elementor-col-100 elementor-inner-column elementor-element elementor-element-6c4362d\" data-id=\"6c4362d\" data-element_type=\"column\">\n\t\t\t<div class=\"elementor-widget-wrap elementor-element-populated\">\n\t\t\t\t\t\t<div class=\"elementor-element elementor-element-035d853 elementor-widget elementor-widget-image\" data-id=\"035d853\" data-element_type=\"widget\" data-widget_type=\"image.default\">\n\t\t\t\t<div class=\"elementor-widget-container\">\n\t\t\t\t\t\t\t\t\t\t\t\t\t\t\t\t<a href=\"https:\/\/www.mania-rockt.de\" target=\"_blank\">\n\t\t\t\t\t\t\t<img fetchpriority=\"high\" decoding=\"async\" width=\"768\" height=\"541\" src=\"https:\/\/www.sonjahimmelsbach.de\/web\/wp-content\/uploads\/2023\/09\/mania-768x541.png\" class=\"attachment-medium_large size-medium_large wp-image-1911\" alt=\"\" srcset=\"https:\/\/www.sonjahimmelsbach.de\/web\/wp-content\/uploads\/2023\/09\/mania-768x541.png 768w, https:\/\/www.sonjahimmelsbach.de\/web\/wp-content\/uploads\/2023\/09\/mania-300x211.png 300w, https:\/\/www.sonjahimmelsbach.de\/web\/wp-content\/uploads\/2023\/09\/mania-1024x721.png 1024w, https:\/\/www.sonjahimmelsbach.de\/web\/wp-content\/uploads\/2023\/09\/mania.png 1119w\" sizes=\"(max-width: 768px) 100vw, 768px\" \/>\t\t\t\t\t\t\t\t<\/a>\n\t\t\t\t\t\t\t\t\t\t\t\t\t\t\t<\/div>\n\t\t\t\t<\/div>\n\t\t\t\t\t<\/div>\n\t\t<\/div>\n\t\t\t\t\t<\/div>\n\t\t<\/section>\n\t\t\t\t<div class=\"elementor-element elementor-element-7ff8ead elementor-widget elementor-widget-text-editor\" data-id=\"7ff8ead\" data-element_type=\"widget\" data-widget_type=\"text-editor.default\">\n\t\t\t\t<div class=\"elementor-widget-container\">\n\t\t\t\t\t\t\t\t\t<p><a href=\"https:\/\/www.mania-rockt.de\" target=\"_blank\" rel=\"noopener\">Weitere Informationen: <strong>www.mania-rockt.de<\/strong><\/a><\/p>\t\t\t\t\t\t\t\t<\/div>\n\t\t\t\t<\/div>\n\t\t\t\t<div class=\"elementor-element elementor-element-1cd3015 elementor-widget elementor-widget-spacer\" data-id=\"1cd3015\" data-element_type=\"widget\" data-widget_type=\"spacer.default\">\n\t\t\t\t<div class=\"elementor-widget-container\">\n\t\t\t\t\t\t\t<div class=\"elementor-spacer\">\n\t\t\t<div class=\"elementor-spacer-inner\"><\/div>\n\t\t<\/div>\n\t\t\t\t\t\t<\/div>\n\t\t\t\t<\/div>\n\t\t\t\t<div class=\"elementor-element elementor-element-05c010f elementor-widget-divider--view-line elementor-widget elementor-widget-divider\" data-id=\"05c010f\" data-element_type=\"widget\" data-widget_type=\"divider.default\">\n\t\t\t\t<div class=\"elementor-widget-container\">\n\t\t\t\t\t\t\t<div class=\"elementor-divider\">\n\t\t\t<span class=\"elementor-divider-separator\">\n\t\t\t\t\t\t<\/span>\n\t\t<\/div>\n\t\t\t\t\t\t<\/div>\n\t\t\t\t<\/div>\n\t\t\t\t<div class=\"elementor-element elementor-element-b88aa71 elementor-widget elementor-widget-spacer\" data-id=\"b88aa71\" data-element_type=\"widget\" data-widget_type=\"spacer.default\">\n\t\t\t\t<div class=\"elementor-widget-container\">\n\t\t\t\t\t\t\t<div class=\"elementor-spacer\">\n\t\t\t<div class=\"elementor-spacer-inner\"><\/div>\n\t\t<\/div>\n\t\t\t\t\t\t<\/div>\n\t\t\t\t<\/div>\n\t\t\t\t<section class=\"elementor-section elementor-inner-section elementor-element elementor-element-ab233e9 elementor-section-boxed elementor-section-height-default elementor-section-height-default\" data-id=\"ab233e9\" data-element_type=\"section\">\n\t\t\t\t\t\t<div class=\"elementor-container elementor-column-gap-no\">\n\t\t\t\t\t<div class=\"elementor-column elementor-col-100 elementor-inner-column elementor-element elementor-element-7980253\" data-id=\"7980253\" data-element_type=\"column\">\n\t\t\t<div class=\"elementor-widget-wrap elementor-element-populated\">\n\t\t\t\t\t\t<div class=\"elementor-element elementor-element-73086bd elementor-widget elementor-widget-heading\" data-id=\"73086bd\" data-element_type=\"widget\" data-widget_type=\"heading.default\">\n\t\t\t\t<div class=\"elementor-widget-container\">\n\t\t\t\t\t<h2 class=\"elementor-heading-title elementor-size-default\">H\u00f6rproben<\/h2>\t\t\t\t<\/div>\n\t\t\t\t<\/div>\n\t\t\t\t<div class=\"elementor-element elementor-element-f7e0357 elementor-widget elementor-widget-text-editor\" data-id=\"f7e0357\" data-element_type=\"widget\" data-widget_type=\"text-editor.default\">\n\t\t\t\t<div class=\"elementor-widget-container\">\n\t\t\t\t\t\t\t\t\t<!--[if lt IE 9]><script>document.createElement('audio');<\/script><![endif]-->\n\t<div class=\"wp-playlist wp-audio-playlist wp-playlist-light\">\n\t\t\t<div class=\"wp-playlist-current-item\"><\/div>\n\t\t<audio controls=\"controls\" preload=\"none\" width=\"640\"\n\t\t\t><\/audio>\n\t<div class=\"wp-playlist-next\"><\/div>\n\t<div class=\"wp-playlist-prev\"><\/div>\n\t<noscript>\n\t<ol>\n\t\t<li><a href='https:\/\/www.sonjahimmelsbach.de\/web\/wp-content\/uploads\/2023\/09\/Mania_ADayWithoutThunder.mp3'>A day without thunder<\/a><\/li><li><a href='https:\/\/www.sonjahimmelsbach.de\/web\/wp-content\/uploads\/2023\/09\/Hunting_Wolves-18-02-05_Sample.mp3'>Hunting wolves<\/a><\/li><li><a href='https:\/\/www.sonjahimmelsbach.de\/web\/wp-content\/uploads\/2023\/09\/Raise_Your_Voice-18-02-05_Sample.mp3'>Raise your voice<\/a><\/li><li><a href='https:\/\/www.sonjahimmelsbach.de\/web\/wp-content\/uploads\/2023\/09\/Human_Life-19-02-21_Sample.mp3'>Human life<\/a><\/li><li><a href='https:\/\/www.sonjahimmelsbach.de\/web\/wp-content\/uploads\/2023\/09\/Ivory_Tower-19-02-21_Sample.mp3'>Ivory Tower<\/a><\/li><li><a href='https:\/\/www.sonjahimmelsbach.de\/web\/wp-content\/uploads\/2023\/09\/Mystery-19-02-21_Sample.mp3'>Mystery<\/a><\/li>\t<\/ol>\n\t<\/noscript>\n\t<script type=\"application\/json\" class=\"wp-playlist-script\">{\"type\":\"audio\",\"tracklist\":true,\"tracknumbers\":true,\"images\":false,\"artists\":false,\"tracks\":[{\"src\":\"https:\\\/\\\/www.sonjahimmelsbach.de\\\/web\\\/wp-content\\\/uploads\\\/2023\\\/09\\\/Mania_ADayWithoutThunder.mp3\",\"type\":\"audio\\\/mpeg\",\"title\":\"A day without thunder\",\"caption\":\"\",\"description\":\"\\u201eMania_ADayWithoutThunder\\u201c.\",\"meta\":{\"length_formatted\":\"1:58\"},\"image\":{\"src\":\"https:\\\/\\\/www.sonjahimmelsbach.de\\\/web\\\/wp-includes\\\/images\\\/media\\\/audio.png\",\"width\":48,\"height\":64},\"thumb\":{\"src\":\"https:\\\/\\\/www.sonjahimmelsbach.de\\\/web\\\/wp-includes\\\/images\\\/media\\\/audio.png\",\"width\":48,\"height\":64}},{\"src\":\"https:\\\/\\\/www.sonjahimmelsbach.de\\\/web\\\/wp-content\\\/uploads\\\/2023\\\/09\\\/Hunting_Wolves-18-02-05_Sample.mp3\",\"type\":\"audio\\\/mpeg\",\"title\":\"Hunting wolves\",\"caption\":\"\",\"description\":\"\\u201eHunting_Wolves-18-02-05_Sample\\u201c.\",\"meta\":{\"length_formatted\":\"1:59\"},\"image\":{\"src\":\"https:\\\/\\\/www.sonjahimmelsbach.de\\\/web\\\/wp-includes\\\/images\\\/media\\\/audio.png\",\"width\":48,\"height\":64},\"thumb\":{\"src\":\"https:\\\/\\\/www.sonjahimmelsbach.de\\\/web\\\/wp-includes\\\/images\\\/media\\\/audio.png\",\"width\":48,\"height\":64}},{\"src\":\"https:\\\/\\\/www.sonjahimmelsbach.de\\\/web\\\/wp-content\\\/uploads\\\/2023\\\/09\\\/Raise_Your_Voice-18-02-05_Sample.mp3\",\"type\":\"audio\\\/mpeg\",\"title\":\"Raise your voice\",\"caption\":\"\",\"description\":\"\\u201eRaise_Your_Voice-18-02-05_Sample\\u201c.\",\"meta\":{\"length_formatted\":\"2:50\"},\"image\":{\"src\":\"https:\\\/\\\/www.sonjahimmelsbach.de\\\/web\\\/wp-includes\\\/images\\\/media\\\/audio.png\",\"width\":48,\"height\":64},\"thumb\":{\"src\":\"https:\\\/\\\/www.sonjahimmelsbach.de\\\/web\\\/wp-includes\\\/images\\\/media\\\/audio.png\",\"width\":48,\"height\":64}},{\"src\":\"https:\\\/\\\/www.sonjahimmelsbach.de\\\/web\\\/wp-content\\\/uploads\\\/2023\\\/09\\\/Human_Life-19-02-21_Sample.mp3\",\"type\":\"audio\\\/mpeg\",\"title\":\"Human life\",\"caption\":\"\",\"description\":\"\\u201eHuman_Life-19-02-21_Sample\\u201c.\",\"meta\":{\"length_formatted\":\"1:11\"},\"image\":{\"src\":\"https:\\\/\\\/www.sonjahimmelsbach.de\\\/web\\\/wp-includes\\\/images\\\/media\\\/audio.png\",\"width\":48,\"height\":64},\"thumb\":{\"src\":\"https:\\\/\\\/www.sonjahimmelsbach.de\\\/web\\\/wp-includes\\\/images\\\/media\\\/audio.png\",\"width\":48,\"height\":64}},{\"src\":\"https:\\\/\\\/www.sonjahimmelsbach.de\\\/web\\\/wp-content\\\/uploads\\\/2023\\\/09\\\/Ivory_Tower-19-02-21_Sample.mp3\",\"type\":\"audio\\\/mpeg\",\"title\":\"Ivory Tower\",\"caption\":\"\",\"description\":\"\\u201eIvory_Tower-19-02-21_Sample\\u201c.\",\"meta\":{\"length_formatted\":\"1:54\"},\"image\":{\"src\":\"https:\\\/\\\/www.sonjahimmelsbach.de\\\/web\\\/wp-includes\\\/images\\\/media\\\/audio.png\",\"width\":48,\"height\":64},\"thumb\":{\"src\":\"https:\\\/\\\/www.sonjahimmelsbach.de\\\/web\\\/wp-includes\\\/images\\\/media\\\/audio.png\",\"width\":48,\"height\":64}},{\"src\":\"https:\\\/\\\/www.sonjahimmelsbach.de\\\/web\\\/wp-content\\\/uploads\\\/2023\\\/09\\\/Mystery-19-02-21_Sample.mp3\",\"type\":\"audio\\\/mpeg\",\"title\":\"Mystery\",\"caption\":\"\",\"description\":\"\\u201eMystery-19-02-21_Sample\\u201c.\",\"meta\":{\"length_formatted\":\"1:20\"},\"image\":{\"src\":\"https:\\\/\\\/www.sonjahimmelsbach.de\\\/web\\\/wp-includes\\\/images\\\/media\\\/audio.png\",\"width\":48,\"height\":64},\"thumb\":{\"src\":\"https:\\\/\\\/www.sonjahimmelsbach.de\\\/web\\\/wp-includes\\\/images\\\/media\\\/audio.png\",\"width\":48,\"height\":64}}]}<\/script>\n<\/div>\n\t\t\t\t\t\t\t\t\t<\/div>\n\t\t\t\t<\/div>\n\t\t\t\t\t<\/div>\n\t\t<\/div>\n\t\t\t\t\t<\/div>\n\t\t<\/section>\n\t\t\t\t\t<\/div>\n\t\t<\/div>\n\t\t\t\t\t<\/div>\n\t\t<\/section>\n\t\t\t\t<\/div>\n\t\t","protected":false},"excerpt":{"rendered":"<p>S\u00e4ngerin Als S\u00e4ngerin bin ich mit &#8222;mania&#8220; auf der B\u00fchne. Seit 2018 habe ich einige eigene Songs im Programm. H\u00f6rproben hierzu findet ihr unten. Weitere Informationen: www.mania-rockt.de H\u00f6rproben<\/p>\n","protected":false},"author":1,"featured_media":0,"parent":0,"menu_order":0,"comment_status":"closed","ping_status":"closed","template":"","meta":{"site-sidebar-layout":"no-sidebar","site-content-layout":"page-builder","ast-site-content-layout":"full-width-container","site-content-style":"default","site-sidebar-style":"default","ast-global-header-display":"","ast-banner-title-visibility":"","ast-main-header-display":"","ast-hfb-above-header-display":"","ast-hfb-below-header-display":"","ast-hfb-mobile-header-display":"","site-post-title":"disabled","ast-breadcrumbs-content":"","ast-featured-img":"disabled","footer-sml-layout":"","ast-disable-related-posts":"","theme-transparent-header-meta":"","adv-header-id-meta":"","stick-header-meta":"","header-above-stick-meta":"","header-main-stick-meta":"","header-below-stick-meta":"","astra-migrate-meta-layouts":"set","ast-page-background-enabled":"default","ast-page-background-meta":{"desktop":{"background-color":"var(--ast-global-color-4)","background-image":"","background-repeat":"repeat","background-position":"center center","background-size":"auto","background-attachment":"scroll","background-type":"","background-media":"","overlay-type":"","overlay-color":"","overlay-opacity":"","overlay-gradient":""},"tablet":{"background-color":"","background-image":"","background-repeat":"repeat","background-position":"center center","background-size":"auto","background-attachment":"scroll","background-type":"","background-media":"","overlay-type":"","overlay-color":"","overlay-opacity":"","overlay-gradient":""},"mobile":{"background-color":"","background-image":"","background-repeat":"repeat","background-position":"center center","background-size":"auto","background-attachment":"scroll","background-type":"","background-media":"","overlay-type":"","overlay-color":"","overlay-opacity":"","overlay-gradient":""}},"ast-content-background-meta":{"desktop":{"background-color":"var(--ast-global-color-5)","background-image":"","background-repeat":"repeat","background-position":"center center","background-size":"auto","background-attachment":"scroll","background-type":"","background-media":"","overlay-type":"","overlay-color":"","overlay-opacity":"","overlay-gradient":""},"tablet":{"background-color":"var(--ast-global-color-5)","background-image":"","background-repeat":"repeat","background-position":"center center","background-size":"auto","background-attachment":"scroll","background-type":"","background-media":"","overlay-type":"","overlay-color":"","overlay-opacity":"","overlay-gradient":""},"mobile":{"background-color":"var(--ast-global-color-5)","background-image":"","background-repeat":"repeat","background-position":"center center","background-size":"auto","background-attachment":"scroll","background-type":"","background-media":"","overlay-type":"","overlay-color":"","overlay-opacity":"","overlay-gradient":""}},"footnotes":""},"_links":{"self":[{"href":"https:\/\/www.sonjahimmelsbach.de\/web\/wp-json\/wp\/v2\/pages\/1835"}],"collection":[{"href":"https:\/\/www.sonjahimmelsbach.de\/web\/wp-json\/wp\/v2\/pages"}],"about":[{"href":"https:\/\/www.sonjahimmelsbach.de\/web\/wp-json\/wp\/v2\/types\/page"}],"author":[{"embeddable":true,"href":"https:\/\/www.sonjahimmelsbach.de\/web\/wp-json\/wp\/v2\/users\/1"}],"replies":[{"embeddable":true,"href":"https:\/\/www.sonjahimmelsbach.de\/web\/wp-json\/wp\/v2\/comments?post=1835"}],"version-history":[{"count":58,"href":"https:\/\/www.sonjahimmelsbach.de\/web\/wp-json\/wp\/v2\/pages\/1835\/revisions"}],"predecessor-version":[{"id":2268,"href":"https:\/\/www.sonjahimmelsbach.de\/web\/wp-json\/wp\/v2\/pages\/1835\/revisions\/2268"}],"wp:attachment":[{"href":"https:\/\/www.sonjahimmelsbach.de\/web\/wp-json\/wp\/v2\/media?parent=1835"}],"curies":[{"name":"wp","href":"https:\/\/api.w.org\/{rel}","templated":true}]}}